{"id":1169,"date":"2021-04-04T12:40:28","date_gmt":"2021-04-04T12:40:28","guid":{"rendered":"https:\/\/bhvayu.com\/?page_id=1169"},"modified":"2021-04-17T05:16:33","modified_gmt":"2021-04-17T05:16:33","slug":"tmetamorfica","status":"publish","type":"page","link":"https:\/\/bhvayu.com\/index.php\/tmetamorfica\/","title":{"rendered":"Terapia Metamorfica"},"content":{"rendered":"\t\t<div data-elementor-type=\"wp-page\" data-elementor-id=\"1169\" class=\"elementor elementor-1169\" data-elementor-settings=\"[]\">\n\t\t\t\t\t\t\t<div class=\"elementor-section-wrap\">\n\t\t\t\t\t\t\t<section class=\"elementor-section elementor-top-section elementor-element elementor-element-c8c3ce8 elementor-section-height-min-height elementor-section-boxed elementor-section-height-default elementor-section-items-middle\" data-id=\"c8c3ce8\" data-element_type=\"section\" data-settings=\"{&quot;background_background&quot;:&quot;classic&quot;}\">\n\t\t\t\t\t\t\t<div class=\"elementor-background-overlay\"><\/div>\n\t\t\t\t\t\t\t<div class=\"elementor-container elementor-column-gap-no\">\n\t\t\t\t\t<div class=\"elementor-column elementor-col-100 elementor-top-column elementor-element elementor-element-eb7b7dc\" data-id=\"eb7b7dc\" data-element_type=\"column\">\n\t\t\t<div class=\"elementor-widget-wrap elementor-element-populated\">\n\t\t\t\t\t\t\t\t<div class=\"elementor-element elementor-element-5e286b8 elementor-widget elementor-widget-heading\" data-id=\"5e286b8\" data-element_type=\"widget\" data-widget_type=\"heading.default\">\n\t\t\t\t<div class=\"elementor-widget-container\">\n\t\t\t<h1 class=\"elementor-heading-title elementor-size-default\">Terapia Metam\u00f3rfica<\/h1>\t\t<\/div>\n\t\t\t\t<\/div>\n\t\t\t\t\t<\/div>\n\t\t<\/div>\n\t\t\t\t\t\t\t<\/div>\n\t\t<\/section>\n\t\t\t\t<section class=\"elementor-section elementor-top-section elementor-element elementor-element-9128bea elementor-section-boxed elementor-section-height-default elementor-section-height-default\" data-id=\"9128bea\" data-element_type=\"section\">\n\t\t\t\t\t\t<div class=\"elementor-container elementor-column-gap-no\">\n\t\t\t\t\t<div class=\"elementor-column elementor-col-100 elementor-top-column elementor-element elementor-element-b49e33d\" data-id=\"b49e33d\" data-element_type=\"column\">\n\t\t\t<div class=\"elementor-widget-wrap elementor-element-populated\">\n\t\t\t\t\t\t\t\t<div class=\"elementor-element elementor-element-5477eda elementor-widget elementor-widget-text-editor\" data-id=\"5477eda\" data-element_type=\"widget\" data-widget_type=\"text-editor.default\">\n\t\t\t\t<div class=\"elementor-widget-container\">\n\t\t\t\t\t<div class=\"elementor-text-editor elementor-clearfix\"><h3><span style=\"color: #33cccc;\"><strong>Es el masaje del cambio, \u00a0de la transformaci\u00f3n<\/strong><\/span><\/h3><\/div>\n\t\t\t\t<\/div>\n\t\t\t\t<\/div>\n\t\t\t\t<div class=\"elementor-element elementor-element-ce9d420 elementor-widget elementor-widget-text-editor\" data-id=\"ce9d420\" data-element_type=\"widget\" data-widget_type=\"text-editor.default\">\n\t\t\t\t<div class=\"elementor-widget-container\">\n\t\t\t\t\t<div class=\"elementor-text-editor elementor-clearfix\"><p class=\"MsoNormal\" style=\"margin: 0cm 0cm 8pt; line-height: 15.693333625793457px; font-size: 11pt; font-family: Calibri, sans-serif; caret-color: #000000; color: #000000; font-style: normal;\">\u00a0<\/p><p>Durante el periodo de gestaci\u00f3n, los nueve meses transcurridos entre nuestra concepci\u00f3n y nuestro nacimiento, se establecen nuestras estructuras\u00a0 f\u00edsicas , mentales y emocionales.<\/p><p>La vida, despu\u00e9s del nacimiento, tiene sus ra\u00edces y est\u00e1 influida por este periodo prenatal: nuestra vida antes de nacer.<\/p><p>\u00a0<\/p><p>Es esta estructura temporal y los bloqueos que se han podido ocasionar durante ese periodo, lo que debe ser liberado parta poder activar nuestra propia Fuerza Vital.<\/p><p>Estos bloqueos se manifiestan como traumas, miedos, rabia, inseguridad, tristeza, ansiedad, etc\u2026 \u2026\u2026. impidiendo el desarrollo de nuestro verdadero Ser.<\/p><p>\u00a0<\/p><p>Consiste en un suave masaje sobre los puntos reflejos de la columna vertebral, en la cabeza, las manos y los pies, promoviendo as\u00ed la eliminaci\u00f3n de estos bloqueos.<\/p><p>\u00a0<\/p><\/div>\n\t\t\t\t<\/div>\n\t\t\t\t<\/div>\n\t\t\t\t<div class=\"elementor-element elementor-element-84deaf1 elementor-arrows-position-inside elementor-pagination-position-outside elementor-widget elementor-widget-image-carousel\" data-id=\"84deaf1\" data-element_type=\"widget\" data-settings=\"{&quot;navigation&quot;:&quot;both&quot;,&quot;autoplay&quot;:&quot;yes&quot;,&quot;pause_on_hover&quot;:&quot;yes&quot;,&quot;pause_on_interaction&quot;:&quot;yes&quot;,&quot;autoplay_speed&quot;:5000,&quot;infinite&quot;:&quot;yes&quot;,&quot;speed&quot;:500}\" data-widget_type=\"image-carousel.default\">\n\t\t\t\t<div class=\"elementor-widget-container\">\n\t\t\t\t\t<div class=\"elementor-image-carousel-wrapper swiper-container\" dir=\"ltr\">\n\t\t\t<div class=\"elementor-image-carousel swiper-wrapper swiper-image-stretch\">\n\t\t\t\t<div class=\"swiper-slide\"><figure class=\"swiper-slide-inner\"><img decoding=\"async\" class=\"swiper-slide-image\" src=\"https:\/\/bhvayu.com\/wp-content\/uploads\/2021\/04\/Metamorfico-31-768x512.jpg\" alt=\"Metamorfico-31\" \/><\/figure><\/div><div class=\"swiper-slide\"><figure class=\"swiper-slide-inner\"><img decoding=\"async\" class=\"swiper-slide-image\" src=\"https:\/\/bhvayu.com\/wp-content\/uploads\/2021\/04\/Metamorfico2-768x512.jpg\" alt=\"Metamorfico2\" \/><\/figure><\/div><div class=\"swiper-slide\"><figure class=\"swiper-slide-inner\"><img decoding=\"async\" class=\"swiper-slide-image\" src=\"https:\/\/bhvayu.com\/wp-content\/uploads\/2021\/04\/Metamorfico1-768x512.jpg\" alt=\"Metamorfico1\" \/><\/figure><\/div><div class=\"swiper-slide\"><figure class=\"swiper-slide-inner\"><img decoding=\"async\" class=\"swiper-slide-image\" src=\"https:\/\/bhvayu.com\/wp-content\/uploads\/2021\/04\/Metamorfico-5-scaled.jpg\" alt=\"Metamorfico-5\" \/><\/figure><\/div><div class=\"swiper-slide\"><figure class=\"swiper-slide-inner\"><img decoding=\"async\" class=\"swiper-slide-image\" src=\"https:\/\/bhvayu.com\/wp-content\/uploads\/2021\/04\/Metamorfico-4-768x512.jpg\" alt=\"Metamorfico-4\" \/><\/figure><\/div>\t\t\t<\/div>\n\t\t\t\t\t\t\t\t\t\t\t\t<div class=\"swiper-pagination\"><\/div>\n\t\t\t\t\t\t\t\t\t\t\t\t\t<div class=\"elementor-swiper-button elementor-swiper-button-prev\">\n\t\t\t\t\t\t<i class=\"eicon-chevron-left\" aria-hidden=\"true\"><\/i>\n\t\t\t\t\t\t<span class=\"elementor-screen-only\">Anterior<\/span>\n\t\t\t\t\t<\/div>\n\t\t\t\t\t<div class=\"elementor-swiper-button elementor-swiper-button-next\">\n\t\t\t\t\t\t<i class=\"eicon-chevron-right\" aria-hidden=\"true\"><\/i>\n\t\t\t\t\t\t<span class=\"elementor-screen-only\">Siguiente<\/span>\n\t\t\t\t\t<\/div>\n\t\t\t\t\t\t\t\t\t<\/div>\n\t\t\t\t<\/div>\n\t\t\t\t<\/div>\n\t\t\t\t<div class=\"elementor-element elementor-element-04835b0 elementor-widget elementor-widget-text-editor\" data-id=\"04835b0\" data-element_type=\"widget\" data-widget_type=\"text-editor.default\">\n\t\t\t\t<div class=\"elementor-widget-container\">\n\t\t\t\t\t<div class=\"elementor-text-editor elementor-clearfix\"><h3><span style=\"color: #33cccc;\"><strong>Beneficios<\/strong><\/span><\/h3><\/div>\n\t\t\t\t<\/div>\n\t\t\t\t<\/div>\n\t\t\t\t<div class=\"elementor-element elementor-element-89c9a3a elementor-widget elementor-widget-text-editor\" data-id=\"89c9a3a\" data-element_type=\"widget\" data-widget_type=\"text-editor.default\">\n\t\t\t\t<div class=\"elementor-widget-container\">\n\t\t\t\t\t<div class=\"elementor-text-editor elementor-clearfix\"><p><br><\/p>\n<ul>\n<li>Ayudar a restablecer el equilibrio emocional al aportar una sensaci\u00f3n de paz interior.<\/li>\n<li>Prevenir la depresi\u00f3n y reducir el estr\u00e9s.<\/li>\n<li>Mejorar los problemas de insomnio.<\/li>\n<li>Aliviar la sensaci\u00f3n de ansiedad.<\/li>\n<li>Aprender a escuchar a nuestro cuerpo.<\/li>\n<li>Durante el embarazo ayuda a sentirse segura y preparada para el parto.<\/li>\n<li>Aliviar y liberar la tensi\u00f3n mental y emocional induciendo a la relajaci\u00f3n f\u00edsica.<\/li>\n<li>Es placentero, relajante, y sin darnos cuenta se van produciendo los cambios en nuestro comportamiento y en nuestra forma de ser.<\/li>\n<li>Cambiar limitaciones mentales, emocionales, f\u00edsicas y conductuales.<\/li>\n<li>Recuperar nuestra Fuerza Vital.<\/li>\n<\/ul>\n<p><br><\/p><\/div>\n\t\t\t\t<\/div>\n\t\t\t\t<\/div>\n\t\t\t\t\t<\/div>\n\t\t<\/div>\n\t\t\t\t\t\t\t<\/div>\n\t\t<\/section>\n\t\t\t\t<section class=\"elementor-section elementor-top-section elementor-element elementor-element-74788bd elementor-section-boxed elementor-section-height-default elementor-section-height-default\" data-id=\"74788bd\" data-element_type=\"section\">\n\t\t\t\t\t\t<div class=\"elementor-container elementor-column-gap-default\">\n\t\t\t\t\t<div class=\"elementor-column elementor-col-100 elementor-top-column elementor-element elementor-element-68b6a2e\" data-id=\"68b6a2e\" data-element_type=\"column\">\n\t\t\t<div class=\"elementor-widget-wrap elementor-element-populated\">\n\t\t\t\t\t\t\t\t<section class=\"elementor-section elementor-inner-section elementor-element elementor-element-bc8cafd elementor-section-boxed elementor-section-height-default elementor-section-height-default\" data-id=\"bc8cafd\" data-element_type=\"section\">\n\t\t\t\t\t\t\t<div class=\"elementor-background-overlay\"><\/div>\n\t\t\t\t\t\t\t<div class=\"elementor-container elementor-column-gap-default\">\n\t\t\t\t\t<div class=\"elementor-column elementor-col-50 elementor-inner-column elementor-element elementor-element-9b89bb7\" data-id=\"9b89bb7\" data-element_type=\"column\">\n\t\t\t<div class=\"elementor-widget-wrap elementor-element-populated\">\n\t\t\t\t\t\t\t\t<div class=\"elementor-element elementor-element-bfa366b elementor-widget elementor-widget-text-editor\" data-id=\"bfa366b\" data-element_type=\"widget\" data-widget_type=\"text-editor.default\">\n\t\t\t\t<div class=\"elementor-widget-container\">\n\t\t\t\t\t<div class=\"elementor-text-editor elementor-clearfix\"><p><em><strong>\u201c<\/strong>Hay momentos en la vida en qu\u00e9 tocamos fondo. Yo lo toqu\u00e9 tanto f\u00edsica como emocionalmente. Cuando llegu\u00e9 casa de Bel\u00e9n, estaba con muchas secuelas despu\u00e9s de varias crisis de mielitis transversa, aparte con tal ansiedad y depresi\u00f3n que me aterraba la idea de salir sola a la calle.\u00a0<\/em><\/p><p><em>Mis emociones estaban desbordadas por no saber asimilar todos los problemas que ten\u00eda en aquellos momentos. Poco a poco, fui encontr\u00e1ndome mejor, a recuperar mi alegr\u00eda, a decir adi\u00f3s a la depresi\u00f3n, a dejar un tratamiento de dos a\u00f1os de corticoides y a tener un \u201cNO\u201d ante el diagn\u00f3stico de Esclerosis M\u00faltiple.<\/em><\/p><p><em>Hoy, me encuentro maravillosamente bien, el masaje metam\u00f3rfico me ayud\u00f3 a recuperar el equilibrio f\u00edsica y mentalmente con mi coraz\u00f3n que tanto necesitamos las personas. Gracias \u201c. <strong>Isabel S\u00e1ez<\/strong><\/em><\/p><\/div>\n\t\t\t\t<\/div>\n\t\t\t\t<\/div>\n\t\t\t\t\t<\/div>\n\t\t<\/div>\n\t\t\t\t<div class=\"elementor-column elementor-col-50 elementor-inner-column elementor-element elementor-element-063a834\" data-id=\"063a834\" data-element_type=\"column\">\n\t\t\t<div class=\"elementor-widget-wrap\">\n\t\t\t\t\t\t\t\t\t<\/div>\n\t\t<\/div>\n\t\t\t\t\t\t\t<\/div>\n\t\t<\/section>\n\t\t\t\t\t<\/div>\n\t\t<\/div>\n\t\t\t\t\t\t\t<\/div>\n\t\t<\/section>\n\t\t\t\t\t\t<\/div>\n\t\t\t\t\t<\/div>\n\t\t","protected":false},"excerpt":{"rendered":"<p>Terapia Metam\u00f3rfica Es el masaje del cambio, \u00a0de la transformaci\u00f3n \u00a0 Durante el periodo de gestaci\u00f3n, los nueve meses transcurridos entre nuestra concepci\u00f3n y nuestro nacimiento, se establecen nuestras estructuras\u00a0 f\u00edsicas , mentales y emocionales. La vida, despu\u00e9s del nacimiento, tiene sus ra\u00edces y est\u00e1 influida por este periodo prenatal: nuestra vida antes de nacer. &hellip;<\/p>\n<p class=\"read-more\"> <a class=\"\" href=\"https:\/\/bhvayu.com\/index.php\/tmetamorfica\/\"> <span class=\"screen-reader-text\">Terapia Metamorfica<\/span> Leer m\u00e1s &raquo;<\/a><\/p>\n","protected":false},"author":1,"featured_media":0,"parent":0,"menu_order":5,"comment_status":"closed","ping_status":"closed","template":"elementor_header_footer","meta":{"om_disable_all_campaigns":false,"_monsterinsights_skip_tracking":false,"_monsterinsights_sitenote_active":false,"_monsterinsights_sitenote_note":"","_monsterinsights_sitenote_category":0,"footnotes":""},"class_list":["post-1169","page","type-page","status-publish","hentry"],"_links":{"self":[{"href":"https:\/\/bhvayu.com\/index.php\/wp-json\/wp\/v2\/pages\/1169","targetHints":{"allow":["GET"]}}],"collection":[{"href":"https:\/\/bhvayu.com\/index.php\/wp-json\/wp\/v2\/pages"}],"about":[{"href":"https:\/\/bhvayu.com\/index.php\/wp-json\/wp\/v2\/types\/page"}],"author":[{"embeddable":true,"href":"https:\/\/bhvayu.com\/index.php\/wp-json\/wp\/v2\/users\/1"}],"replies":[{"embeddable":true,"href":"https:\/\/bhvayu.com\/index.php\/wp-json\/wp\/v2\/comments?post=1169"}],"version-history":[{"count":61,"href":"https:\/\/bhvayu.com\/index.php\/wp-json\/wp\/v2\/pages\/1169\/revisions"}],"predecessor-version":[{"id":1931,"href":"https:\/\/bhvayu.com\/index.php\/wp-json\/wp\/v2\/pages\/1169\/revisions\/1931"}],"wp:attachment":[{"href":"https:\/\/bhvayu.com\/index.php\/wp-json\/wp\/v2\/media?parent=1169"}],"curies":[{"name":"wp","href":"https:\/\/api.w.org\/{rel}","templated":true}]}}