{"id":29,"date":"2021-02-16T16:01:21","date_gmt":"2021-02-16T16:01:21","guid":{"rendered":"https:\/\/bhvayu.com\/index.php\/books\/"},"modified":"2021-04-17T06:45:25","modified_gmt":"2021-04-17T06:45:25","slug":"reflexologia","status":"publish","type":"page","link":"https:\/\/bhvayu.com\/index.php\/reflexologia\/","title":{"rendered":"Reflexoterapia"},"content":{"rendered":"\t\t<div data-elementor-type=\"wp-page\" data-elementor-id=\"29\" class=\"elementor elementor-29\" data-elementor-settings=\"[]\">\n\t\t\t\t\t\t\t<div class=\"elementor-section-wrap\">\n\t\t\t\t\t\t\t<section class=\"elementor-section elementor-top-section elementor-element elementor-element-c8c3ce8 elementor-section-height-min-height elementor-section-boxed elementor-section-height-default elementor-section-items-middle\" data-id=\"c8c3ce8\" data-element_type=\"section\" data-settings=\"{&quot;background_background&quot;:&quot;classic&quot;}\">\n\t\t\t\t\t\t\t<div class=\"elementor-background-overlay\"><\/div>\n\t\t\t\t\t\t\t<div class=\"elementor-container elementor-column-gap-no\">\n\t\t\t\t\t<div class=\"elementor-column elementor-col-100 elementor-top-column elementor-element elementor-element-eb7b7dc\" data-id=\"eb7b7dc\" data-element_type=\"column\">\n\t\t\t<div class=\"elementor-widget-wrap elementor-element-populated\">\n\t\t\t\t\t\t\t\t<div class=\"elementor-element elementor-element-5e286b8 elementor-widget elementor-widget-heading\" data-id=\"5e286b8\" data-element_type=\"widget\" data-widget_type=\"heading.default\">\n\t\t\t\t<div class=\"elementor-widget-container\">\n\t\t\t<h1 class=\"elementor-heading-title elementor-size-default\">Reflexoterapia podal<\/h1>\t\t<\/div>\n\t\t\t\t<\/div>\n\t\t\t\t\t<\/div>\n\t\t<\/div>\n\t\t\t\t\t\t\t<\/div>\n\t\t<\/section>\n\t\t\t\t<section class=\"elementor-section elementor-top-section elementor-element elementor-element-9128bea elementor-section-boxed elementor-section-height-default elementor-section-height-default\" data-id=\"9128bea\" data-element_type=\"section\">\n\t\t\t\t\t\t<div class=\"elementor-container elementor-column-gap-no\">\n\t\t\t\t\t<div class=\"elementor-column elementor-col-100 elementor-top-column elementor-element elementor-element-b49e33d\" data-id=\"b49e33d\" data-element_type=\"column\">\n\t\t\t<div class=\"elementor-widget-wrap elementor-element-populated\">\n\t\t\t\t\t\t\t\t<div class=\"elementor-element elementor-element-b7f916b elementor-widget elementor-widget-text-editor\" data-id=\"b7f916b\" data-element_type=\"widget\" data-widget_type=\"text-editor.default\">\n\t\t\t\t<div class=\"elementor-widget-container\">\n\t\t\t\t\t<div class=\"elementor-text-editor elementor-clearfix\"><h3><span style=\"color: #33cccc;\"><strong>Es el arte del masaje en los pies<\/strong><\/span><\/h3><\/div>\n\t\t\t\t<\/div>\n\t\t\t\t<\/div>\n\t\t\t\t<div class=\"elementor-element elementor-element-c20a121 elementor-widget elementor-widget-spacer\" data-id=\"c20a121\" data-element_type=\"widget\" data-widget_type=\"spacer.default\">\n\t\t\t\t<div class=\"elementor-widget-container\">\n\t\t\t\t\t<div class=\"elementor-spacer\">\n\t\t\t<div class=\"elementor-spacer-inner\"><\/div>\n\t\t<\/div>\n\t\t\t\t<\/div>\n\t\t\t\t<\/div>\n\t\t\t\t<div class=\"elementor-element elementor-element-e9a5db1 elementor-widget elementor-widget-text-editor\" data-id=\"e9a5db1\" data-element_type=\"widget\" data-widget_type=\"text-editor.default\">\n\t\t\t\t<div class=\"elementor-widget-container\">\n\t\t\t\t\t<div class=\"elementor-text-editor elementor-clearfix\"><p>Es una t\u00e9cnica terap\u00e9utica ancestral basada en la estimulaci\u00f3n de puntos sobre los pies denominados zonas reflejas.<\/p><p>Estas zonas corresponden a distintas partes del cuerpo, por lo que masaje\u00e1ndolas de forma indirecta o refleja, los \u00f3rganos, m\u00fasculos u otras partes del cuerpo reciben un est\u00edmulo curativo.<\/p><p>La Reflexolog\u00eda Podal trabaja tanto el campo f\u00edsico como el emocional, ya que los bloqueos f\u00edsicos est\u00e1n muy relacionados con nuestras emociones.<\/p><\/div>\n\t\t\t\t<\/div>\n\t\t\t\t<\/div>\n\t\t\t\t<div class=\"elementor-element elementor-element-48ad53d elementor-widget elementor-widget-text-editor\" data-id=\"48ad53d\" data-element_type=\"widget\" data-widget_type=\"text-editor.default\">\n\t\t\t\t<div class=\"elementor-widget-container\">\n\t\t\t\t\t<div class=\"elementor-text-editor elementor-clearfix\"><h3><span style=\"color: #33cccc;\"><strong>Beneficios<\/strong><\/span><\/h3><\/div>\n\t\t\t\t<\/div>\n\t\t\t\t<\/div>\n\t\t\t\t<div class=\"elementor-element elementor-element-72eb8b2 elementor-widget elementor-widget-text-editor\" data-id=\"72eb8b2\" data-element_type=\"widget\" data-widget_type=\"text-editor.default\">\n\t\t\t\t<div class=\"elementor-widget-container\">\n\t\t\t\t\t<div class=\"elementor-text-editor elementor-clearfix\"><ul><li><p>Relaja el cuerpo y la mente proporcionando calma y bienestar.<\/p><\/li><li>Alivia el estr\u00e9s.<\/li><li>Activa la circulaci\u00f3n sangu\u00ednea.<\/li><li>Afloja las contracturas.<\/li><li>Mejora la calidad del sue\u00f1o.<\/li><li>Activa el sistema inmunol\u00f3gico.<\/li><li>Favorece mecanismos de depuraci\u00f3n y eliminaci\u00f3n de toxinas.<\/li><li>Equilibra los distintos sistemas.<\/li><li>Fortalece la capacidad auto-curativa del organismo.<\/li><\/ul><\/div>\n\t\t\t\t<\/div>\n\t\t\t\t<\/div>\n\t\t\t\t<section class=\"elementor-section elementor-inner-section elementor-element elementor-element-c765406 elementor-section-boxed elementor-section-height-default elementor-section-height-default\" data-id=\"c765406\" data-element_type=\"section\">\n\t\t\t\t\t\t\t<div class=\"elementor-background-overlay\"><\/div>\n\t\t\t\t\t\t\t<div class=\"elementor-container elementor-column-gap-default\">\n\t\t\t\t\t<div class=\"elementor-column elementor-col-50 elementor-inner-column elementor-element elementor-element-ce387f2\" data-id=\"ce387f2\" data-element_type=\"column\">\n\t\t\t<div class=\"elementor-widget-wrap elementor-element-populated\">\n\t\t\t\t\t\t\t\t<div class=\"elementor-element elementor-element-bae48d6 elementor-widget elementor-widget-text-editor\" data-id=\"bae48d6\" data-element_type=\"widget\" data-widget_type=\"text-editor.default\">\n\t\t\t\t<div class=\"elementor-widget-container\">\n\t\t\t\t\t<div class=\"elementor-text-editor elementor-clearfix\"><p><em>\u201cMi experiencia con la Reflexoterapia Podal, me vino a trav\u00e9s de una tarjeta en un regalo. Por mi desconocimiento de esta t\u00e9cnica, mi primera vez fue un poco a la aventura pues no sab\u00eda realmente de que se trataba. Pasaron unos meses de mi segunda visita, no me encontraba bien. Debido al trabajo, son muchas las horas con la misma postura, por lo que la columna, las cervicales, brazos,\u2026 se resiente. Pero lo m\u00e1s molesto, era que desde hac\u00eda muchos a\u00f1os me daban muy a menudo al caminar, un dolor desde el gl\u00fateo hasta el final del pie, ten\u00eda que parar unos minutos hasta que se me calmaba un poco y pod\u00eda seguir con dificultad. Y un d\u00eda me pregunt\u00e9 si en los pies est\u00e1n todos los puntos del cuerpo, porque no probar. Y as\u00ed lo hice, pero cu\u00e1l fue mi sorpresa, al descubrir en el tercer masaje que ese dolor hab\u00eda desaparecido. Y as\u00ed llevo 4 a\u00f1os sin ninguna molestia.<\/em><\/p><p><em>Ahora eso siempre lo digo, como para todo hay que ser constante. Igual que vamos a nuestro centro de trabajo todos los d\u00edas, nuestro cuerpo tambi\u00e9n merece el mejor cuidado posible, y para m\u00ed y he probado muchas cosas, como con esta experiencia ninguna, por el momento muy contenta con los resultados obtenidos.\u201d<strong>\u00a0\u00a0\u00a0\u00a0\u00a0\u00a0\u00a0\u00a0\u00a0 Enriqueta Mart\u00ednez Ruano<\/strong><\/em><\/p><\/div>\n\t\t\t\t<\/div>\n\t\t\t\t<\/div>\n\t\t\t\t\t<\/div>\n\t\t<\/div>\n\t\t\t\t<div class=\"elementor-column elementor-col-50 elementor-inner-column elementor-element elementor-element-0f7498c\" data-id=\"0f7498c\" data-element_type=\"column\">\n\t\t\t<div class=\"elementor-widget-wrap elementor-element-populated\">\n\t\t\t\t\t\t\t\t<div class=\"elementor-element elementor-element-8488005 elementor-widget elementor-widget-image\" data-id=\"8488005\" data-element_type=\"widget\" data-widget_type=\"image.default\">\n\t\t\t\t<div class=\"elementor-widget-container\">\n\t\t\t\t\t<div class=\"elementor-image\">\n\t\t\t\t\t\t\t\t\t\t<img loading=\"lazy\" decoding=\"async\" width=\"104\" height=\"223\" src=\"https:\/\/bhvayu.com\/wp-content\/uploads\/2021\/04\/ENRIQUETA.jpg\" class=\"attachment-large size-large\" alt=\"\" \/>\t\t\t\t\t\t\t\t\t\t\t<\/div>\n\t\t\t\t<\/div>\n\t\t\t\t<\/div>\n\t\t\t\t\t<\/div>\n\t\t<\/div>\n\t\t\t\t\t\t\t<\/div>\n\t\t<\/section>\n\t\t\t\t\t<\/div>\n\t\t<\/div>\n\t\t\t\t\t\t\t<\/div>\n\t\t<\/section>\n\t\t\t\t<section class=\"elementor-section elementor-top-section elementor-element elementor-element-5e61fc8 elementor-section-boxed elementor-section-height-default elementor-section-height-default\" data-id=\"5e61fc8\" data-element_type=\"section\">\n\t\t\t\t\t\t<div class=\"elementor-container elementor-column-gap-default\">\n\t\t\t\t\t<div class=\"elementor-column elementor-col-100 elementor-top-column elementor-element elementor-element-e3bf14f\" data-id=\"e3bf14f\" data-element_type=\"column\">\n\t\t\t<div class=\"elementor-widget-wrap elementor-element-populated\">\n\t\t\t\t\t\t\t\t<div class=\"elementor-element elementor-element-ec85066 elementor-arrows-position-inside elementor-pagination-position-outside elementor-widget elementor-widget-image-carousel\" data-id=\"ec85066\" data-element_type=\"widget\" data-settings=\"{&quot;navigation&quot;:&quot;both&quot;,&quot;autoplay&quot;:&quot;yes&quot;,&quot;pause_on_hover&quot;:&quot;yes&quot;,&quot;pause_on_interaction&quot;:&quot;yes&quot;,&quot;autoplay_speed&quot;:5000,&quot;infinite&quot;:&quot;yes&quot;,&quot;speed&quot;:500}\" data-widget_type=\"image-carousel.default\">\n\t\t\t\t<div class=\"elementor-widget-container\">\n\t\t\t\t\t<div class=\"elementor-image-carousel-wrapper swiper-container\" dir=\"ltr\">\n\t\t\t<div class=\"elementor-image-carousel swiper-wrapper\">\n\t\t\t\t<div class=\"swiper-slide\"><figure class=\"swiper-slide-inner\"><img decoding=\"async\" class=\"swiper-slide-image\" src=\"https:\/\/bhvayu.com\/wp-content\/uploads\/2021\/04\/Reflexoterapia3.jpg\" alt=\"Reflexoterapia3\" \/><\/figure><\/div><div class=\"swiper-slide\"><figure class=\"swiper-slide-inner\"><img decoding=\"async\" class=\"swiper-slide-image\" src=\"https:\/\/bhvayu.com\/wp-content\/uploads\/2021\/04\/Reflexoterapia2-768x512.jpg\" alt=\"Reflexoterapia2\" \/><\/figure><\/div><div class=\"swiper-slide\"><figure class=\"swiper-slide-inner\"><img decoding=\"async\" class=\"swiper-slide-image\" src=\"https:\/\/bhvayu.com\/wp-content\/uploads\/2021\/04\/Reflexoterapia-4-scaled.jpg\" alt=\"Reflexoterapia-4\" \/><\/figure><\/div>\t\t\t<\/div>\n\t\t\t\t\t\t\t\t\t\t\t\t<div class=\"swiper-pagination\"><\/div>\n\t\t\t\t\t\t\t\t\t\t\t\t\t<div class=\"elementor-swiper-button elementor-swiper-button-prev\">\n\t\t\t\t\t\t<i class=\"eicon-chevron-left\" aria-hidden=\"true\"><\/i>\n\t\t\t\t\t\t<span class=\"elementor-screen-only\">Anterior<\/span>\n\t\t\t\t\t<\/div>\n\t\t\t\t\t<div class=\"elementor-swiper-button elementor-swiper-button-next\">\n\t\t\t\t\t\t<i class=\"eicon-chevron-right\" aria-hidden=\"true\"><\/i>\n\t\t\t\t\t\t<span class=\"elementor-screen-only\">Siguiente<\/span>\n\t\t\t\t\t<\/div>\n\t\t\t\t\t\t\t\t\t<\/div>\n\t\t\t\t<\/div>\n\t\t\t\t<\/div>\n\t\t\t\t<div class=\"elementor-element elementor-element-a5e19d9 elementor-widget elementor-widget-spacer\" data-id=\"a5e19d9\" data-element_type=\"widget\" data-widget_type=\"spacer.default\">\n\t\t\t\t<div class=\"elementor-widget-container\">\n\t\t\t\t\t<div class=\"elementor-spacer\">\n\t\t\t<div class=\"elementor-spacer-inner\"><\/div>\n\t\t<\/div>\n\t\t\t\t<\/div>\n\t\t\t\t<\/div>\n\t\t\t\t<section class=\"elementor-section elementor-inner-section elementor-element elementor-element-8064bc6 elementor-section-boxed elementor-section-height-default elementor-section-height-default\" data-id=\"8064bc6\" data-element_type=\"section\">\n\t\t\t\t\t\t\t<div class=\"elementor-background-overlay\"><\/div>\n\t\t\t\t\t\t\t<div class=\"elementor-container elementor-column-gap-default\">\n\t\t\t\t\t<div class=\"elementor-column elementor-col-50 elementor-inner-column elementor-element elementor-element-8df88ca\" data-id=\"8df88ca\" data-element_type=\"column\">\n\t\t\t<div class=\"elementor-widget-wrap elementor-element-populated\">\n\t\t\t\t\t\t\t\t<div class=\"elementor-element elementor-element-ba53d1f elementor-widget elementor-widget-text-editor\" data-id=\"ba53d1f\" data-element_type=\"widget\" data-widget_type=\"text-editor.default\">\n\t\t\t\t<div class=\"elementor-widget-container\">\n\t\t\t\t\t<div class=\"elementor-text-editor elementor-clearfix\"><p><em>\u00abMe llamo Teresa Tom\u00e1s Delicado.<\/em><br \/><em>Desde hace un par de a\u00f1os, recibo los beneficios de los masajes de Reflexoterapia Podal de manos de Bel\u00e9n Hern\u00e1ndez.<\/em><br \/><em>Acud\u00ed a ella porque me la aconsejaron y no me arrepiento de ello, todo lo contrario, ya que me siento mucho mejor de mis dolencias.<\/em><br \/><em>Sus masajes consiguen que me encuentre mucho mejor. Una vez al mes suelo ir, salgo de la consulta. Nueva!!<\/em><br \/><em>Os lo aconsejo, probarlo y comprobareis que es cierto lo que digo.\u00bb<\/em><\/p><\/div>\n\t\t\t\t<\/div>\n\t\t\t\t<\/div>\n\t\t\t\t\t<\/div>\n\t\t<\/div>\n\t\t\t\t<div class=\"elementor-column elementor-col-50 elementor-inner-column elementor-element elementor-element-536372d\" data-id=\"536372d\" data-element_type=\"column\">\n\t\t\t<div class=\"elementor-widget-wrap\">\n\t\t\t\t\t\t\t\t\t<\/div>\n\t\t<\/div>\n\t\t\t\t\t\t\t<\/div>\n\t\t<\/section>\n\t\t\t\t\t<\/div>\n\t\t<\/div>\n\t\t\t\t\t\t\t<\/div>\n\t\t<\/section>\n\t\t\t\t\t\t<\/div>\n\t\t\t\t\t<\/div>\n\t\t","protected":false},"excerpt":{"rendered":"<p>Reflexoterapia podal Es el arte del masaje en los pies Es una t\u00e9cnica terap\u00e9utica ancestral basada en la estimulaci\u00f3n de puntos sobre los pies denominados zonas reflejas. Estas zonas corresponden a distintas partes del cuerpo, por lo que masaje\u00e1ndolas de forma indirecta o refleja, los \u00f3rganos, m\u00fasculos u otras partes del cuerpo reciben un est\u00edmulo &hellip;<\/p>\n<p class=\"read-more\"> <a class=\"\" href=\"https:\/\/bhvayu.com\/index.php\/reflexologia\/\"> <span class=\"screen-reader-text\">Reflexoterapia<\/span> Leer m\u00e1s &raquo;<\/a><\/p>\n","protected":false},"author":1,"featured_media":0,"parent":0,"menu_order":3,"comment_status":"closed","ping_status":"closed","template":"elementor_header_footer","meta":{"om_disable_all_campaigns":false,"_monsterinsights_skip_tracking":false,"_monsterinsights_sitenote_active":false,"_monsterinsights_sitenote_note":"","_monsterinsights_sitenote_category":0,"footnotes":""},"class_list":["post-29","page","type-page","status-publish","hentry"],"_links":{"self":[{"href":"https:\/\/bhvayu.com\/index.php\/wp-json\/wp\/v2\/pages\/29","targetHints":{"allow":["GET"]}}],"collection":[{"href":"https:\/\/bhvayu.com\/index.php\/wp-json\/wp\/v2\/pages"}],"about":[{"href":"https:\/\/bhvayu.com\/index.php\/wp-json\/wp\/v2\/types\/page"}],"author":[{"embeddable":true,"href":"https:\/\/bhvayu.com\/index.php\/wp-json\/wp\/v2\/users\/1"}],"replies":[{"embeddable":true,"href":"https:\/\/bhvayu.com\/index.php\/wp-json\/wp\/v2\/comments?post=29"}],"version-history":[{"count":62,"href":"https:\/\/bhvayu.com\/index.php\/wp-json\/wp\/v2\/pages\/29\/revisions"}],"predecessor-version":[{"id":1988,"href":"https:\/\/bhvayu.com\/index.php\/wp-json\/wp\/v2\/pages\/29\/revisions\/1988"}],"wp:attachment":[{"href":"https:\/\/bhvayu.com\/index.php\/wp-json\/wp\/v2\/media?parent=29"}],"curies":[{"name":"wp","href":"https:\/\/api.w.org\/{rel}","templated":true}]}}